{"id":64,"date":"2022-03-10T22:41:23","date_gmt":"2022-03-10T21:41:23","guid":{"rendered":"http:\/\/2022.ludwigblochberger.de\/?page_id=64"},"modified":"2026-04-01T09:06:22","modified_gmt":"2026-04-01T07:06:22","slug":"contact","status":"publish","type":"page","link":"https:\/\/ludwigblochberger.de\/en\/kontakt\/","title":{"rendered":"Contact"},"content":{"rendered":"<p>Contact Ludwig Blochberger - for film and production inquiries, bookings of stage programs, and information regarding the newsletter.<\/p>\n<h2>Film and production inquiries<\/h2>\n<p>For inquiries regarding film, series, and other production projects, please contact the acting agency.<\/p>\n<p><strong><a href=\"https:\/\/www.luxtalents.com\/clients\/ludwig-blochberger\" target=\"_blank\" rel=\"noopener\">Lux Talents<\/a><\/strong><br \/>\nBrigitta Watzka &amp; Natascha Schoellkopf<br \/>\n+49 30 889 172 78<br \/>\n<a href=\"mailto:post@luxtalents.com\">post@luxtalents.com<\/a><\/p>\n<h2>Booking requests<\/h2>\n<p>Ludwig Blochberger's stage programs and concert readings combine literature, music, and drama and are regularly performed as guest appearances at theaters, festivals, and cultural events.<\/p>\n<p>An overview of the stage programs and concert readings can be found on the page.<br \/>\n<a href=\"\/en\/live\/\">Live \u2013 B\u00fchnenprogramme<\/a>.<\/p>\n<p class=\"booking-mail\"><a href=\"mailto:booking@ludwigblochberger.de\">booking@ludwigblochberger.de<\/a><\/p>\n<p class=\"note-box translation-block\">Note: The event Ich musste raus - Wege aus der DDR is organized and managed by Kulturmanagement Hamburg.<\/p>\n<h2>Autograph requests<\/h2>\n<p>Autograph requests can be forwarded via the acting agency.<\/p>\n<p class=\"note-box translation-block\">Note: Please include a self-addressed, stamped envelope for this purpose.<\/p>","protected":false},"excerpt":{"rendered":"<p>Kontakt zu Ludwig Blochberger \u2013 f&uuml;r Film- und Produktionsanfragen, Buchungen von B&uuml;hnenprogrammen sowie Informationen zum Newsletter. Film- und Produktionsanfragen F\u00fcr Anfragen zu Film-, Serien- und anderen Produktionsprojekten wenden Sie sich bitte an die Schauspielagentur. Lux Talents Brigitta Watzka &amp; Natascha Schoellkopf +49 30 889 172 78 post@luxtalents.com Buchungsanfragen Die B\u00fchnenprogramme und Konzertlesungen von Ludwig Blochberger [&hellip;]<\/p>\n","protected":false},"author":2,"featured_media":0,"parent":0,"menu_order":1,"comment_status":"closed","ping_status":"closed","template":"page-contact.php","meta":{"_acf_changed":false,"_seopress_robots_primary_cat":"","_seopress_titles_title":"Kontakt \u2013 Ludwig Blochberger | Schauspieler","_seopress_titles_desc":"Kontakt zu Ludwig Blochberger \u2013 Agentur f\u00fcr Filmprojekte, Buchungsanfragen f\u00fcr B\u00fchnenprogramme und Anmeldung zum Newsletter.","_seopress_robots_index":"","footnotes":""},"class_list":["post-64","page","type-page","status-publish","hentry"],"acf":[],"publishpress_future_workflow_manual_trigger":{"enabledWorkflows":[]},"_links":{"self":[{"href":"https:\/\/ludwigblochberger.de\/en\/wp-json\/wp\/v2\/pages\/64","targetHints":{"allow":["GET"]}}],"collection":[{"href":"https:\/\/ludwigblochberger.de\/en\/wp-json\/wp\/v2\/pages"}],"about":[{"href":"https:\/\/ludwigblochberger.de\/en\/wp-json\/wp\/v2\/types\/page"}],"author":[{"embeddable":true,"href":"https:\/\/ludwigblochberger.de\/en\/wp-json\/wp\/v2\/users\/2"}],"replies":[{"embeddable":true,"href":"https:\/\/ludwigblochberger.de\/en\/wp-json\/wp\/v2\/comments?post=64"}],"version-history":[{"count":68,"href":"https:\/\/ludwigblochberger.de\/en\/wp-json\/wp\/v2\/pages\/64\/revisions"}],"predecessor-version":[{"id":1658,"href":"https:\/\/ludwigblochberger.de\/en\/wp-json\/wp\/v2\/pages\/64\/revisions\/1658"}],"wp:attachment":[{"href":"https:\/\/ludwigblochberger.de\/en\/wp-json\/wp\/v2\/media?parent=64"}],"curies":[{"name":"wp","href":"https:\/\/api.w.org\/{rel}","templated":true}]}}